{"id":5,"date":"2017-09-22T08:48:38","date_gmt":"2017-09-22T08:48:38","guid":{"rendered":"https:\/\/brkzn.com\/tr\/?page_id=5"},"modified":"2025-04-21T09:59:28","modified_gmt":"2025-04-21T09:59:28","slug":"main","status":"publish","type":"page","link":"https:\/\/brkzn.com\/tr\/","title":{"rendered":"Burak \u00d6zen &#8211; Gemi \u0130n\u015faat\u0131 ve Gemi Makineleri M\u00fchendisi"},"content":{"rendered":"","protected":false},"excerpt":{"rendered":"","protected":false},"author":1,"featured_media":0,"parent":0,"menu_order":0,"comment_status":"closed","ping_status":"closed","template":"page-templates\/template-aveo-vcard.php","meta":{"footnotes":""},"class_list":["post-5","page","type-page","status-publish","hentry"],"yoast_head":"<!-- This site is optimized with the Yoast SEO plugin v27.3 - https:\/\/yoast.com\/product\/yoast-seo-wordpress\/ -->\n<title>Burak \u00d6zen - Gemi \u0130n\u015faat\u0131 ve Gemi Makineleri M\u00fchendisi<\/title>\n<meta name=\"description\" content=\"\u00dclkemizde \u00e7ok az insan ger\u00e7ekten sevdi\u011fi i\u015fi yapma \u015fans\u0131na sahip ve ben onlardan biriyim. \u0130yi ki gemi m\u00fchendisiyim.\" \/>\n<meta name=\"robots\" content=\"index, follow, max-snippet:-1, max-image-preview:large, max-video-preview:-1\" \/>\n<link rel=\"canonical\" href=\"https:\/\/brkzn.com\/tr\/\" \/>\n<meta property=\"og:locale\" content=\"tr_TR\" \/>\n<meta property=\"og:type\" content=\"article\" \/>\n<meta property=\"og:title\" content=\"Burak \u00d6zen - Gemi \u0130n\u015faat\u0131 ve Gemi Makineleri M\u00fchendisi\" \/>\n<meta property=\"og:description\" content=\"\u00dclkemizde \u00e7ok az insan ger\u00e7ekten sevdi\u011fi i\u015fi yapma \u015fans\u0131na sahip ve ben onlardan biriyim. \u0130yi ki gemi m\u00fchendisiyim.\" \/>\n<meta property=\"og:url\" content=\"https:\/\/brkzn.com\/tr\/\" \/>\n<meta property=\"og:site_name\" content=\"Burak \u00d6zen - Gemi \u0130n\u015faat\u0131 &amp; Gemi Makineleri M\u00fchendisi\" \/>\n<meta property=\"article:modified_time\" content=\"2025-04-21T09:59:28+00:00\" \/>\n<meta name=\"twitter:card\" content=\"summary_large_image\" \/>\n<script type=\"application\/ld+json\" class=\"yoast-schema-graph\">{\"@context\":\"https:\\\/\\\/schema.org\",\"@graph\":[{\"@type\":\"WebPage\",\"@id\":\"https:\\\/\\\/brkzn.com\\\/tr\\\/\",\"url\":\"https:\\\/\\\/brkzn.com\\\/tr\\\/\",\"name\":\"Burak \u00d6zen - Gemi \u0130n\u015faat\u0131 ve Gemi Makineleri M\u00fchendisi\",\"isPartOf\":{\"@id\":\"https:\\\/\\\/brkzn.com\\\/tr\\\/#website\"},\"datePublished\":\"2017-09-22T08:48:38+00:00\",\"dateModified\":\"2025-04-21T09:59:28+00:00\",\"description\":\"\u00dclkemizde \u00e7ok az insan ger\u00e7ekten sevdi\u011fi i\u015fi yapma \u015fans\u0131na sahip ve ben onlardan biriyim. \u0130yi ki gemi m\u00fchendisiyim.\",\"breadcrumb\":{\"@id\":\"https:\\\/\\\/brkzn.com\\\/tr\\\/#breadcrumb\"},\"inLanguage\":\"tr\",\"potentialAction\":[{\"@type\":\"ReadAction\",\"target\":[\"https:\\\/\\\/brkzn.com\\\/tr\\\/\"]}]},{\"@type\":\"BreadcrumbList\",\"@id\":\"https:\\\/\\\/brkzn.com\\\/tr\\\/#breadcrumb\",\"itemListElement\":[{\"@type\":\"ListItem\",\"position\":1,\"name\":\"Anasayfa\",\"item\":\"https:\\\/\\\/brkzn.com\\\/tr\\\/\"},{\"@type\":\"ListItem\",\"position\":2,\"name\":\"Burak \u00d6zen &#8211; Gemi \u0130n\u015faat\u0131 ve Gemi Makineleri M\u00fchendisi\"}]},{\"@type\":\"WebSite\",\"@id\":\"https:\\\/\\\/brkzn.com\\\/tr\\\/#website\",\"url\":\"https:\\\/\\\/brkzn.com\\\/tr\\\/\",\"name\":\"Burak \u00d6zen - Gemi \u0130n\u015faat\u0131 &amp; Gemi Makineleri M\u00fchendisi\",\"description\":\"\",\"publisher\":{\"@id\":\"https:\\\/\\\/brkzn.com\\\/tr\\\/#\\\/schema\\\/person\\\/0995f0c0d02af3d562c14ffca415447e\"},\"potentialAction\":[{\"@type\":\"SearchAction\",\"target\":{\"@type\":\"EntryPoint\",\"urlTemplate\":\"https:\\\/\\\/brkzn.com\\\/tr\\\/?s={search_term_string}\"},\"query-input\":{\"@type\":\"PropertyValueSpecification\",\"valueRequired\":true,\"valueName\":\"search_term_string\"}}],\"inLanguage\":\"tr\"},{\"@type\":[\"Person\",\"Organization\"],\"@id\":\"https:\\\/\\\/brkzn.com\\\/tr\\\/#\\\/schema\\\/person\\\/0995f0c0d02af3d562c14ffca415447e\",\"name\":\"Burak \u00d6zen\",\"image\":{\"@type\":\"ImageObject\",\"inLanguage\":\"tr\",\"@id\":\"https:\\\/\\\/brkzn.com\\\/tr\\\/wp-content\\\/uploads\\\/sites\\\/3\\\/2025\\\/04\\\/brk-2.jpg\",\"url\":\"https:\\\/\\\/brkzn.com\\\/tr\\\/wp-content\\\/uploads\\\/sites\\\/3\\\/2025\\\/04\\\/brk-2.jpg\",\"contentUrl\":\"https:\\\/\\\/brkzn.com\\\/tr\\\/wp-content\\\/uploads\\\/sites\\\/3\\\/2025\\\/04\\\/brk-2.jpg\",\"width\":1024,\"height\":1024,\"caption\":\"Burak \u00d6zen\"},\"logo\":{\"@id\":\"https:\\\/\\\/brkzn.com\\\/tr\\\/wp-content\\\/uploads\\\/sites\\\/3\\\/2025\\\/04\\\/brk-2.jpg\"},\"sameAs\":[\"http:\\\/\\\/brkzn.com\",\"https:\\\/\\\/www.instagram.com\\\/brkzn7\\\/\",\"https:\\\/\\\/www.linkedin.com\\\/in\\\/burak-zen-10027177\\\/\"]}]}<\/script>\n<!-- \/ Yoast SEO plugin. -->","yoast_head_json":{"title":"Burak \u00d6zen - Gemi \u0130n\u015faat\u0131 ve Gemi Makineleri M\u00fchendisi","description":"\u00dclkemizde \u00e7ok az insan ger\u00e7ekten sevdi\u011fi i\u015fi yapma \u015fans\u0131na sahip ve ben onlardan biriyim. \u0130yi ki gemi m\u00fchendisiyim.","robots":{"index":"index","follow":"follow","max-snippet":"max-snippet:-1","max-image-preview":"max-image-preview:large","max-video-preview":"max-video-preview:-1"},"canonical":"https:\/\/brkzn.com\/tr\/","og_locale":"tr_TR","og_type":"article","og_title":"Burak \u00d6zen - Gemi \u0130n\u015faat\u0131 ve Gemi Makineleri M\u00fchendisi","og_description":"\u00dclkemizde \u00e7ok az insan ger\u00e7ekten sevdi\u011fi i\u015fi yapma \u015fans\u0131na sahip ve ben onlardan biriyim. \u0130yi ki gemi m\u00fchendisiyim.","og_url":"https:\/\/brkzn.com\/tr\/","og_site_name":"Burak \u00d6zen - Gemi \u0130n\u015faat\u0131 &amp; Gemi Makineleri M\u00fchendisi","article_modified_time":"2025-04-21T09:59:28+00:00","twitter_card":"summary_large_image","schema":{"@context":"https:\/\/schema.org","@graph":[{"@type":"WebPage","@id":"https:\/\/brkzn.com\/tr\/","url":"https:\/\/brkzn.com\/tr\/","name":"Burak \u00d6zen - Gemi \u0130n\u015faat\u0131 ve Gemi Makineleri M\u00fchendisi","isPartOf":{"@id":"https:\/\/brkzn.com\/tr\/#website"},"datePublished":"2017-09-22T08:48:38+00:00","dateModified":"2025-04-21T09:59:28+00:00","description":"\u00dclkemizde \u00e7ok az insan ger\u00e7ekten sevdi\u011fi i\u015fi yapma \u015fans\u0131na sahip ve ben onlardan biriyim. \u0130yi ki gemi m\u00fchendisiyim.","breadcrumb":{"@id":"https:\/\/brkzn.com\/tr\/#breadcrumb"},"inLanguage":"tr","potentialAction":[{"@type":"ReadAction","target":["https:\/\/brkzn.com\/tr\/"]}]},{"@type":"BreadcrumbList","@id":"https:\/\/brkzn.com\/tr\/#breadcrumb","itemListElement":[{"@type":"ListItem","position":1,"name":"Anasayfa","item":"https:\/\/brkzn.com\/tr\/"},{"@type":"ListItem","position":2,"name":"Burak \u00d6zen &#8211; Gemi \u0130n\u015faat\u0131 ve Gemi Makineleri M\u00fchendisi"}]},{"@type":"WebSite","@id":"https:\/\/brkzn.com\/tr\/#website","url":"https:\/\/brkzn.com\/tr\/","name":"Burak \u00d6zen - Gemi \u0130n\u015faat\u0131 &amp; Gemi Makineleri M\u00fchendisi","description":"","publisher":{"@id":"https:\/\/brkzn.com\/tr\/#\/schema\/person\/0995f0c0d02af3d562c14ffca415447e"},"potentialAction":[{"@type":"SearchAction","target":{"@type":"EntryPoint","urlTemplate":"https:\/\/brkzn.com\/tr\/?s={search_term_string}"},"query-input":{"@type":"PropertyValueSpecification","valueRequired":true,"valueName":"search_term_string"}}],"inLanguage":"tr"},{"@type":["Person","Organization"],"@id":"https:\/\/brkzn.com\/tr\/#\/schema\/person\/0995f0c0d02af3d562c14ffca415447e","name":"Burak \u00d6zen","image":{"@type":"ImageObject","inLanguage":"tr","@id":"https:\/\/brkzn.com\/tr\/wp-content\/uploads\/sites\/3\/2025\/04\/brk-2.jpg","url":"https:\/\/brkzn.com\/tr\/wp-content\/uploads\/sites\/3\/2025\/04\/brk-2.jpg","contentUrl":"https:\/\/brkzn.com\/tr\/wp-content\/uploads\/sites\/3\/2025\/04\/brk-2.jpg","width":1024,"height":1024,"caption":"Burak \u00d6zen"},"logo":{"@id":"https:\/\/brkzn.com\/tr\/wp-content\/uploads\/sites\/3\/2025\/04\/brk-2.jpg"},"sameAs":["http:\/\/brkzn.com","https:\/\/www.instagram.com\/brkzn7\/","https:\/\/www.linkedin.com\/in\/burak-zen-10027177\/"]}]}},"_links":{"self":[{"href":"https:\/\/brkzn.com\/tr\/wp-json\/wp\/v2\/pages\/5","targetHints":{"allow":["GET"]}}],"collection":[{"href":"https:\/\/brkzn.com\/tr\/wp-json\/wp\/v2\/pages"}],"about":[{"href":"https:\/\/brkzn.com\/tr\/wp-json\/wp\/v2\/types\/page"}],"author":[{"embeddable":true,"href":"https:\/\/brkzn.com\/tr\/wp-json\/wp\/v2\/users\/1"}],"replies":[{"embeddable":true,"href":"https:\/\/brkzn.com\/tr\/wp-json\/wp\/v2\/comments?post=5"}],"version-history":[{"count":2,"href":"https:\/\/brkzn.com\/tr\/wp-json\/wp\/v2\/pages\/5\/revisions"}],"predecessor-version":[{"id":147,"href":"https:\/\/brkzn.com\/tr\/wp-json\/wp\/v2\/pages\/5\/revisions\/147"}],"wp:attachment":[{"href":"https:\/\/brkzn.com\/tr\/wp-json\/wp\/v2\/media?parent=5"}],"curies":[{"name":"wp","href":"https:\/\/api.w.org\/{rel}","templated":true}]}}